{"id":1541,"date":"2022-04-29T12:28:36","date_gmt":"2022-04-29T10:28:36","guid":{"rendered":"https:\/\/www.aquitache.com\/?page_id=1541"},"modified":"2023-08-16T23:23:33","modified_gmt":"2023-08-16T21:23:33","slug":"modalites-dintervention","status":"publish","type":"page","link":"https:\/\/www.aquitache.com\/index.php\/modalites-dintervention\/","title":{"rendered":"Modalit\u00e9s d&rsquo;intervention"},"content":{"rendered":"\n<p>\u00c0 la mise en place de votre dossier d&rsquo;aide \u00e0 domicile on vous proposera un service \u00e9volutif et adapt\u00e9 \u00e0 votre situation. Le contrat \u00e9volue selon les al\u00e9as de la vie et peut \u00eatre chang\u00e9 en cours d&rsquo;ann\u00e9e.<\/p>\n\n\n\n<p>Des clauses sp\u00e9cifiques \u00e0 votre situation pourront s&rsquo;ajouter \u00e0 votre contrat . <\/p>\n\n\n\n<p>Nous intervenons chez vous en mode prestataire . Quels sont les avantages dans le mode prestataire :<\/p>\n\n\n\n<ul class=\"wp-block-list\">\n<li>Flexibilit\u00e9 en cas de changement pr\u00e9vu d&rsquo;avance <\/li>\n\n\n\n<li>pas des d\u00e9marches administratives \u00e0 r\u00e9aliser <\/li>\n\n\n\n<li>un seul interlocuteur <\/li>\n\n\n\n<li>remplacement sans surco\u00fbt en cas d&rsquo;absence de l&rsquo;aide m\u00e9nager ou des conflits<\/li>\n\n\n\n<li>nous assumons toutes les responsabilit\u00e9s lie au contrat de la salarie <\/li>\n\n\n\n<li>vous choisissez le mode de paiement que vous convient de plus.<\/li>\n\n\n\n<li>gestion et un suivie r\u00e9guli\u00e8re des interventions <\/li>\n<\/ul>\n\n\n\n<p><\/p>\n","protected":false},"excerpt":{"rendered":"<p>\u00c0 la mise en place de votre dossier d&rsquo;aide \u00e0 domicile on vous proposera un service \u00e9volutif et adapt\u00e9 \u00e0 votre situation. Le contrat \u00e9volue selon les al\u00e9as de la vie et peut \u00eatre chang\u00e9 en cours d&rsquo;ann\u00e9e. Des clauses sp\u00e9cifiques \u00e0 votre situation pourront s&rsquo;ajouter \u00e0 votre contrat . Nous intervenons chez vous en&#8230;<\/p>\n","protected":false},"author":1,"featured_media":0,"parent":0,"menu_order":0,"comment_status":"closed","ping_status":"closed","template":"","meta":{"_kadence_starter_templates_imported_post":false,"_kad_post_transparent":"","_kad_post_title":"","_kad_post_layout":"","_kad_post_sidebar_id":"","_kad_post_content_style":"","_kad_post_vertical_padding":"","_kad_post_feature":"","_kad_post_feature_position":"","_kad_post_header":false,"_kad_post_footer":false,"_kad_post_classname":"","footnotes":""},"class_list":["post-1541","page","type-page","status-publish","hentry"],"_links":{"self":[{"href":"https:\/\/www.aquitache.com\/index.php\/wp-json\/wp\/v2\/pages\/1541","targetHints":{"allow":["GET"]}}],"collection":[{"href":"https:\/\/www.aquitache.com\/index.php\/wp-json\/wp\/v2\/pages"}],"about":[{"href":"https:\/\/www.aquitache.com\/index.php\/wp-json\/wp\/v2\/types\/page"}],"author":[{"embeddable":true,"href":"https:\/\/www.aquitache.com\/index.php\/wp-json\/wp\/v2\/users\/1"}],"replies":[{"embeddable":true,"href":"https:\/\/www.aquitache.com\/index.php\/wp-json\/wp\/v2\/comments?post=1541"}],"version-history":[{"count":3,"href":"https:\/\/www.aquitache.com\/index.php\/wp-json\/wp\/v2\/pages\/1541\/revisions"}],"predecessor-version":[{"id":1574,"href":"https:\/\/www.aquitache.com\/index.php\/wp-json\/wp\/v2\/pages\/1541\/revisions\/1574"}],"wp:attachment":[{"href":"https:\/\/www.aquitache.com\/index.php\/wp-json\/wp\/v2\/media?parent=1541"}],"curies":[{"name":"wp","href":"https:\/\/api.w.org\/{rel}","templated":true}]}}