{"id":1545,"date":"2023-08-17T00:04:02","date_gmt":"2023-08-16T22:04:02","guid":{"rendered":"https:\/\/www.aquitache.com\/?page_id=1545"},"modified":"2024-08-09T19:35:23","modified_gmt":"2024-08-09T17:35:23","slug":"modes-de-reglement","status":"publish","type":"page","link":"https:\/\/www.aquitache.com\/index.php\/modes-de-reglement\/","title":{"rendered":"Modes de r\u00e8glement"},"content":{"rendered":"\n<p><strong>Modes de Paiement chez Aquitache<\/strong><\/p>\n\n\n\n<p>Nous vous offrons plusieurs options de paiement pour nos services de m\u00e9nage \u00e0 domicile <\/p>\n\n\n\n<ol class=\"wp-block-list\">\n<li><strong>Virement Bancaire<\/strong> : Facile et s\u00e9curis\u00e9, nos coordonn\u00e9es bancaires sont disponibles sur demande.<\/li>\n\n\n\n<li><strong>Ch\u00e8que Bancaire<\/strong> : Libellez votre ch\u00e8que \u00e0 l&rsquo;ordre d&rsquo;Aquit\u00e2che.<\/li>\n\n\n\n<li><strong>CESU Pr\u00e9financ\u00e9<\/strong> : Utilisez vos <a href=\"https:\/\/www.cesu.urssaf.fr\/\">Ch\u00e8ques Emploi Service Universel<\/a> pour un paiement pratique.<\/li>\n\n\n\n<li><strong>Avancement imm\u00e9diat par l&rsquo;Urssaf<\/strong> : Profitez de cette option pour une gestion simplifi\u00e9e gr\u00e2ce au <a href=\"https:\/\/www.urssaf.fr\/portail\/home\/employeur\/employeur-particulier\/aide-a-la-personne\/le-service-davancement-immediat.html\">dispositif d&rsquo;avancement imm\u00e9diat<\/a>.<\/li>\n<\/ol>\n","protected":false},"excerpt":{"rendered":"<p>Modes de Paiement chez Aquitache Nous vous offrons plusieurs options de paiement pour nos services de m\u00e9nage \u00e0 domicile<\/p>\n","protected":false},"author":1,"featured_media":0,"parent":0,"menu_order":0,"comment_status":"closed","ping_status":"closed","template":"","meta":{"_kadence_starter_templates_imported_post":false,"_kad_post_transparent":"","_kad_post_title":"","_kad_post_layout":"","_kad_post_sidebar_id":"","_kad_post_content_style":"","_kad_post_vertical_padding":"","_kad_post_feature":"","_kad_post_feature_position":"","_kad_post_header":false,"_kad_post_footer":false,"_kad_post_classname":"","footnotes":""},"class_list":["post-1545","page","type-page","status-publish","hentry"],"_links":{"self":[{"href":"https:\/\/www.aquitache.com\/index.php\/wp-json\/wp\/v2\/pages\/1545","targetHints":{"allow":["GET"]}}],"collection":[{"href":"https:\/\/www.aquitache.com\/index.php\/wp-json\/wp\/v2\/pages"}],"about":[{"href":"https:\/\/www.aquitache.com\/index.php\/wp-json\/wp\/v2\/types\/page"}],"author":[{"embeddable":true,"href":"https:\/\/www.aquitache.com\/index.php\/wp-json\/wp\/v2\/users\/1"}],"replies":[{"embeddable":true,"href":"https:\/\/www.aquitache.com\/index.php\/wp-json\/wp\/v2\/comments?post=1545"}],"version-history":[{"count":3,"href":"https:\/\/www.aquitache.com\/index.php\/wp-json\/wp\/v2\/pages\/1545\/revisions"}],"predecessor-version":[{"id":1613,"href":"https:\/\/www.aquitache.com\/index.php\/wp-json\/wp\/v2\/pages\/1545\/revisions\/1613"}],"wp:attachment":[{"href":"https:\/\/www.aquitache.com\/index.php\/wp-json\/wp\/v2\/media?parent=1545"}],"curies":[{"name":"wp","href":"https:\/\/api.w.org\/{rel}","templated":true}]}}