{"id":3,"date":"2021-12-11T15:20:28","date_gmt":"2021-12-11T14:20:28","guid":{"rendered":"http:\/\/www.aquitache.com\/?page_id=3"},"modified":"2022-04-17T07:59:34","modified_gmt":"2022-04-17T05:59:34","slug":"politique-de-confidentialite","status":"publish","type":"page","link":"https:\/\/www.aquitache.com\/index.php\/politique-de-confidentialite\/","title":{"rendered":"Politique de confidentialit\u00e9"},"content":{"rendered":"\n<p>                                                       Document mis \u00e0 jour le 20 Mars 2022<\/p>\n\n\n\n<p><strong>aquitache(\u00a0\u00bb aquitache\u00a0\u00bb , \u00ab\u00a0notre\u00a0\u00bb,\u00a0\u00bbnous\u00a0\u00bb et \u00ab\u00a0nos\u00a0\u00bb)<\/strong> et nos partenaires respectent votre vie priv\u00e9e.<\/p>\n\n\n\n<p>Nous vous demandons de bien vouloir lire attentivement la pr\u00e9sente politique de confidentialit\u00e9 pour comprendre comment sont collect\u00e9es, trait\u00e9es et conserv\u00e9es vos donn\u00e9es personnelles lors de votre utilisation du pr\u00e9sent site internet <strong>aquitache<\/strong>, accessible via l&rsquo;url https :\/\/ www.aquitache.com <\/p>\n\n\n\n<p>L&rsquo;ensemble des donn\u00e9es personnelles collect\u00e9es sur le pr\u00e9sent site internet sont trait\u00e9es sous la responsabilit\u00e9 de l&rsquo;entrepreneur Eulalia CAMOES LOPES SILVESTRE, immatricul\u00e9 au Registre du Commerce et des Soci\u00e9t\u00e9s de Bordeaux sous le num\u00e9ro 751686502.<\/p>\n\n\n\n<p>Au sens de la r\u00e9glementation applicable aux donn\u00e9es personnelles, aquitache est donc responsable de traitement .<\/p>\n\n\n\n<p>Cette politique de confidentialit\u00e9 d\u00e9crit :<\/p>\n\n\n\n<ul class=\"wp-block-list\"><li>Comment aquit\u00e2che utilise vos donn\u00e9es personnelles<\/li><li>Comment aquit\u00e2che partage vos donn\u00e9es personnelles<\/li><li>Comment aquit\u00e2che prot\u00e8ge vos donn\u00e9es personnelles<\/li><li>O\u00f9 aquit\u00e2che h\u00e9berge et transf\u00e8re vos donnes personnelles<\/li><li>Comment vous pouvez exercer vos droits relatifs \u00e0 vos donn\u00e9es personnelles<\/li><li>Les mises \u00e0 jour de la politique de confidentialit\u00e9<\/li><li>Comment nous contacter     <\/li><li><\/li><\/ul>\n\n\n\n<p><strong>I. Comment aquit\u00e2che utilise vos donn\u00e9es personnelles<\/strong><\/p>\n\n\n\n<p>aquit\u00e2che peut utiliser vos donn\u00e9es personnelles aux fins suivantes :<\/p>\n\n\n\n<ol class=\"wp-block-list\"><li>Cr\u00e9er votre compte client sur le pr\u00e9sent site internet<\/li><li>G\u00e9rer les commandes des services<\/li><li>Publier et g\u00e9rer les avis laiss\u00e9s sur les services command\u00e9s sur le pr\u00e9sent site internet<\/li><li>R\u00e9pondre \u00e0 votre demande de contact effectu\u00e9e \u00e0 partir de notre site internet , la plupart des traitements list\u00e9s ci-dessus sont n\u00e9cessaires \u00e0 l&rsquo;ex\u00e9cution du contrat pass\u00e9 avec aquit\u00e2che lorsque vous utilisez notre site internet afin de commander les services disponibles \u00e0 la vente sur le site. <\/li><\/ol>\n\n\n\n<p><strong>II.  Comment aquit\u00e2che partage vos donn\u00e9es personnelles<\/strong><\/p>\n\n\n\n<p>Au sein de aquitache, et au regard de chaque finalit\u00e9 de traitement , les donn\u00e9es personnelles vous concernant sont collect\u00e9es, trait\u00e9es et stock\u00e9es par le personnel habilit\u00e9 de K&rsquo;SB Services aux Personnes ,uniquement dans le cadre de leurs comp\u00e9tences respectives ,et notamment par le service client\u00e8le d\u00e9partement marketing  et le d\u00e9partement informatique.<\/p>\n\n\n\n<p>Nous ne partageons pas les donn\u00e9es personnelles avec d&rsquo;autres entreprises , organisation et personnes, \u00e0 moins que l&rsquo;une des circonstances suivant s&rsquo;applique :<\/p>\n\n\n\n<ul class=\"wp-block-list\"><li><strong>Le partage avec consentement pr\u00e9alable :<\/strong> apr\u00e8s avoir obtenu votre consentement , aquit\u00e2che partagera les informations que vous avez autoris\u00e9es avec les tiers ou cat\u00e9gories de tiers sp\u00e9cifiques renseign\u00e9s \u00e0 l&rsquo;occasion de la collecte de votre consentement .<\/li><\/ul>\n\n\n\n<ul class=\"wp-block-list\"><li><strong>Le partage avec nos prestataires :<\/strong> aquit\u00e2che peut \u00e9galement  divulguer vos informations \u00e0 des entreprises qui fournissent des services pour nous ou en notre nom. Ces prestataires de services comprennent des entreprises qui proposent des services informatiques tels notamment notre h\u00e9bergeur ou notre prestataire d&rsquo;envoi d&#8217;emails, des services de livraison des courses; repas \u00e0 domicile ,ou qui proposent des activit\u00e9s marketing pour notre compte. Ces prestataires de services peuvent utiliser vos informations uniquement dans le but de vous fournir des services au nom de aqut\u00e2che.<\/li><\/ul>\n\n\n\n<ul class=\"wp-block-list\"><li><strong>En ex\u00e9cution d&rsquo;une obligation l\u00e9gale , le partage conform\u00e9ment aux lois et \u00e0 la r\u00e9glementation : <\/strong>aquit\u00e2che ,peut partager vos informations comme le stipulent les lois et la r\u00e9glementation, afin de r\u00e9soudre les diff\u00e9rends d&rsquo;ordre juridique , ou comme le stipulent les autorit\u00e9s judiciaires  ou administratives en vertu de la loi . K&rsquo;SB Services aux Personnes s&rsquo;assurera de la l\u00e9galit\u00e9 de tout partage des donn\u00e9es personnelles via des clauses de traitement de donn\u00e9es avec les entreprises avec les lesquelles vos donn\u00e9es personnelles sont partag\u00e9es, les obligeant \u00e0 se conformer \u00e0 cette politique de confidentialit\u00e9 et \u00e0 prendre les mesures de s\u00e9curit\u00e9 et confidentialit\u00e9 appropri\u00e9es lors du traitement de donn\u00e9es \u00e0 caract\u00e8re personnel. <\/li><\/ul>\n\n\n\n<p><strong>III.     Comment aquit\u00e2che prot\u00e8ge vos donn\u00e9es personnelles<\/strong><\/p>\n\n\n\n<p>Aquit\u00e2che attache une grande importance \u00e0 la s\u00e9curit\u00e9 de vos donn\u00e9es personnelles et a adopt\u00e9 des pratiques courantes de l&rsquo;industrie afin de prot\u00e9ger vos donn\u00e9es personnelles et d&rsquo;\u00e9viter l&rsquo;acc\u00e8s non autoris\u00e9 , la divulgation , l&rsquo;utilisation , la modification , les dommages ou la perte de ces informations .<\/p>\n\n\n\n<p>Nous avons par ailleurs pris les pr\u00e9cautions utiles afin de pr\u00e9server , par notre h\u00e9bergeur , la s\u00e9curit\u00e9 et la confidentialit\u00e9 des donn\u00e9es, et notamment emp\u00eacher qu&rsquo;elles ne soient d\u00e9form\u00e9es ,endommag\u00e9es ou communiqu\u00e9es \u00e0 des personnes nos autoris\u00e9es.<\/p>\n\n\n\n<p>K&rsquo;SB Services aux Personnes adopte \u00e9galement les mesures organisationnelles suivantes :<\/p>\n\n\n\n<p>(1) Nous adoptons des mesures raisonnables et r\u00e9alisables afin de veiller \u00e0 ce que les donn\u00e9es personnelles recueillies soient minimes et pertinentes selon ce qui est n\u00e9cessaire, eu \u00e9gard aux fins pour lesquelles elles sont trait\u00e9es.<\/p>\n\n\n\n<p>(2) Nous conservons vos donn\u00e9es personnelles pendant la dur\u00e9e qui est strictement n\u00e9cessaire au regard de la finalit\u00e9 du traitement, \u00e0 moins que la conservation de vos donn\u00e9es soit requise ou permise par la loi. A titre d&rsquo;exemple, nous conservons les donn\u00e9es li\u00e9es \u00e0 l&rsquo;ex\u00e9cution de vos commandes pour la dur\u00e9e requise par la loi au titre de conservation des dossiers comptables, \u00e0 savoir au maximum 10 ans \u00e0 compter de l&rsquo;exercice concern\u00e9 .<\/p>\n\n\n\n<p>(3) Nous d\u00e9ployons les m\u00e9canismes de contr\u00f4le d&rsquo;acc\u00e8s afin de s&rsquo;assurer que seul le personnel habilit\u00e9 peut acc\u00e9der \u00e0 vos donn\u00e9es personnelles. En cas de violation des donn\u00e9es personnelles ,aquit\u00e2che respectera les exigences l\u00e9gales et r\u00e9glementaires applicables \u00e0 la notification des violations de donn\u00e9es personnelles aupr\u00e8s des autorit\u00e9s de contr\u00f4le comp\u00e9tentes et\/ou des personnes concern\u00e9es .<\/p>\n\n\n\n<p><strong>IV .     O\u00f9 K&rsquo;SB Services aux Personnes \u00a0\u00bb aquitache\u00a0\u00bb h\u00e9berge et transf\u00e8re vos donn\u00e9es personnelles<\/strong><\/p>\n\n\n\n<p>Vos donn\u00e9es personnelles seront h\u00e9berg\u00e9es au sein des infrastructures d&rsquo;h\u00e9bergement de notre h\u00e9bergeur ,OVH, situe en France.<\/p>\n\n\n\n<p>Lorsque de tels transferts existent , nous nous assurons que ces transferts de donn\u00e9es personnelles soient encadr\u00e9s conform\u00e9ment \u00e0 la r\u00e9glementation applicable afin d&rsquo;assurer un niveau de protection des donn\u00e9es ad\u00e9quat , soit par une d\u00e9cision d&rsquo;ad\u00e9quation de la Commission europ\u00e9enne ,soit par les biais d&rsquo;instruments juridiques tels que des contrats de transferts de donn\u00e9es int\u00e9grant les Clauses Contractuelles Types de la Commission Europ\u00e9enne .<\/p>\n\n\n\n<p>Pour toute demande concernant les destinataires et les transferts de donn\u00e9es que nous effectuons en dehors de l&rsquo;Union Europ\u00e9enne , veuillez nous contacter aux adresses indiqu\u00e9es dans la rubrique <\/p>\n\n\n\n<p>\u00a0\u00bb Comment nous contacter\u00a0\u00bb ci-dessous.<\/p>\n\n\n\n<p><strong>V .      Comment vous pouvez g\u00e9rer vos droits relatifs \u00e0 vos donn\u00e9es personnelles<\/strong><\/p>\n\n\n\n<p>Vous disposez d&rsquo;un droit d&rsquo;acc\u00e8s, de rectification ,  d&rsquo;effacement , de limitation, d&rsquo;opposition concernant le traitement de vos donn\u00e9es personnelles ainsi que du droit de d\u00e9finir des directives relatives au sort de vos donn\u00e9es apr\u00e8s votre et du droit \u00e0 la portabilit\u00e9 de vos donn\u00e9es personnelles.<\/p>\n\n\n\n<p>Vous pouvez nous contacter \u00e0 tout moment aux adresses indiqu\u00e9es dans la rubrique \u00ab\u00a0Comment nous contacter\u00a0\u00bb ci-dessous afin d&rsquo;exercer vos droits en mati\u00e8re de donn\u00e9es personnelles dans les conditions pos\u00e9es par la r\u00e9glementation applicable. Vous devez indiquer quel droit vous entendez exercer ainsi que l&rsquo;ensemble des pr\u00e9cisions n\u00e9cessaires pour que nous puissions r\u00e9pondre \u00e0 votre demande.<\/p>\n\n\n\n<p>Ces droits s&rsquo;exercent dans les conditions pos\u00e9es par la r\u00e9glementation applicable .<\/p>\n\n\n\n<ul class=\"wp-block-list\"><li>Le <strong>droit d&rsquo;acc\u00e8s<\/strong> signifie que vous pouvez nous demander \u00e0 tout moment de vous indiquer si nous traitons des donn\u00e9es personnelles vous concernant,et , le cas \u00e9ch\u00e9ant , de vous indiquer quelles sont les donn\u00e9es personnelles vous concernant et ,le cas \u00e9ch\u00e9ant, de vous indiquer quelles sont les donn\u00e9es personnelles concern\u00e9es ainsi que les caract\u00e9ristiques du ou des traitements effectu\u00e9s.<\/li><li>Le <strong>droit de rectification <\/strong>signifie que vous pouvez nous demander la rectification de vos donn\u00e9es personnelles lorsqu&rsquo;elles sont inexactes . Vous pouvez \u00e9galement demander \u00e0 ce que vos donn\u00e9es personnelles, d\u00e8s lors qu&rsquo;incompl\u00e8tes, soient compl\u00e9t\u00e9es dans la mesure ou cela est pertinent au regard de la finalit\u00e9 du traitement en cause.<\/li><li>Le <strong>droit \u00e0 l&rsquo;effacement <\/strong> signifie que vous pouvez demander d&rsquo;effacer vos donn\u00e9es personnelles notamment lorsque:<ul><li>Leur conservation n&rsquo;est plus n\u00e9cessaire au regard des finalit\u00e9s pour lesquelles elles ont \u00e9t\u00e9 collect\u00e9es <\/li><li>Vos donn\u00e9es personnelles sont trait\u00e9es sur le fondement de votre consentement, vous souhaitez retirer ce consentement , et il n&rsquo;existe pas d&rsquo;autre fondement juridique susceptible de justifier le traitement ;<\/li><li>Vous vous \u00eates oppos\u00e9 au traitement des vos donn\u00e9es personnelles et vous souhaitez en cons\u00e9quence qu&rsquo;elles soient effac\u00e9es;<\/li><li>Vous donn\u00e9es personnelles ont fait l&rsquo;objet d&rsquo;un traitement illicite ;<\/li><li>Vous donn\u00e9es personnelles doivent \u00eatre effac\u00e9es pour respecter une obligation l\u00e9gale qui est pr\u00e9vue soit par le droit de l&rsquo;Union Europ\u00e9en soit par le droit fran\u00e7ais.<\/li><\/ul><\/li><li>Le <strong>droit \u00e0 la limitation <\/strong> signifie que vous pouvez nous demander de proc\u00e9der \u00e0 la limitation du traitement de vos donn\u00e9es personnelles:<ul><li>Lorsque vous contestez l&rsquo;exactitude des vos donn\u00e9es personnelles pendant une dur\u00e9e nous permettant de v\u00e9rifier l&rsquo;exactitude de celles-ci;<\/li><li>Lorsque suite \u00e0 un traitement \u00e9tabli comme non conforme, vous pr\u00e9f\u00e9rez la limitation du traitement \u00e0 l&rsquo;effacement complet de vos donn\u00e9es personnelles;<\/li><li>Lorsque nous n&rsquo;avons plus besoin de vos donn\u00e9es personnelles aux fins du traitement mais que celles-ci vous sont encore n\u00e9cessaires pour la constatation, l&rsquo;exercice ou La D\u00e9fense de droits en justice;<\/li><li>Lorsque vous vous \u00eates oppos\u00e9 au traitement de vos donn\u00e9es personnelles et vous souhaitez une limitation du traitement pendant la dur\u00e9e nous permettant de v\u00e9rifier si le motif l\u00e9gitime que vous invoquez se justifie.<\/li><\/ul><\/li><li><\/li><\/ul>\n\n\n\n<p>La limitation du traitement signifie que le traitement de vos donn\u00e9es personnelles s&rsquo;entendra alors su seul stockage de vos donn\u00e9es personnelles correspondantes. Nous n&rsquo;effectuerons alors plus aucune autre op\u00e9ration sur les donn\u00e9es personnelles consid\u00e9r\u00e9es .<\/p>\n\n\n\n<ul class=\"wp-block-list\"><li>Le <strong>droit d&rsquo;opposition <\/strong> signifie que vous pouvez vous opposer au traitement de vos donn\u00e9es personnelles, lorsque ce traitement est fond\u00e9 sur la poursuite de l&rsquo;int\u00e9r\u00eat l\u00e9gitime de aquit\u00e2che. Le droit d&rsquo;opposition s&rsquo;exerce sous r\u00e9serve de justifier d&rsquo;un motif l\u00e9gitime tenant \u00e0 votre situation particuli\u00e8re . Nous cesserons alors le traitement en cause sauf s&rsquo;il existe des motifs l\u00e9gitimes et imp\u00e9rieux en justifiant la poursuite en conformit\u00e9 avec les r\u00e9glementation applicable.<\/li><li>Le <strong>droit \u00e0 la portabilit\u00e9 <\/strong>signifie que vous pouvez nous demander ,dans les conditions pos\u00e9es par la r\u00e9glementation applicable, de recevoir  vos donn\u00e9es personnelles dans un format structure, couramment utilis\u00e9 et lisible par machine , et de vous les transmettre , ou de nous demander de les transmettre directement \u00e0 un tiers de votre choix lorsque cel\u00e9 est juridiquement et techniquement possible.<\/li><\/ul>\n\n\n\n<p>Lorsque nous traitons vos donn\u00e9es personnelles sur la base de votre consentement, vous disposez enfin de la facult\u00e9 de retirer votre consentement \u00e0 tout moment en vous adressant aux adresses indiqu\u00e9es dans la rubrique\u00a0\u00bbComment nous contacter\u00a0\u00bb ou en cliquant sur le lien de d\u00e9sabonnement pr\u00e9sent dans chacune de nos communications.<\/p>\n\n\n\n<p>Toutefois , le retrait de votre consentement ne remet pas en cause la validit\u00e9 du traitement effectu\u00e9 avant ce retrait.<\/p>\n\n\n\n<p><strong>VI.     Les mises \u00e0 jour de cette politique de confidentialit\u00e9<\/strong><\/p>\n\n\n\n<p>aquitache se r\u00e9serve le droit \u00e0 tout moment de modifier ou mettre \u00e0 jour , en tout ou en partie, la pr\u00e9sente politique de confidentialit\u00e9 ,en raison de la modification de la r\u00e9glementation applicable en mati\u00e8re de protection des donn\u00e9es personnelles ou des traitements de donn\u00e9es effectu\u00e9s.<\/p>\n\n\n\n<p>Toute modification substantielle de la politique de confidentialit\u00e9 vous sera notifi\u00e9e par mail lorsque vous nous avez communiqu\u00e9 une adresse mail valide et sera publi\u00e9e sur le site internet. Nous vous recommandons de prendre r\u00e9guli\u00e8rement connaissance de la pr\u00e9sente politique de confidentialit\u00e9 afin d&rsquo;avoir une parfaite connaissance de nos engagements en mati\u00e8re de s\u00e9curit\u00e9 et de protection de vos donn\u00e9es personnelles.<\/p>\n\n\n\n<p><strong>VII.   Comment nous contacter <\/strong><\/p>\n\n\n\n<p>Si vous avez des questions, des commentaires ou des suggestions , veuillez nous contacter en visitant la page contactez-nous ou en les soumettant \u00e0 <strong>service.client@aquitache.com <\/strong><\/p>\n\n\n\n<p>Ou par courrier \u00e0 12 Avenue des 40 Journaux, 33300 Bordeaux France .<\/p>\n\n\n\n<p>Si vous ,n&rsquo;\u00eates pas satisfait de la r\u00e9ponse apport\u00e9e par aquit\u00e2che \u00e0 une demande d&rsquo;exercice de droits conform\u00e9ment \u00e0 l&rsquo;article V ci-dessous ou que vous souhaitez signaler une atteinte \u00e0 la r\u00e9glementation applicable en mati\u00e8re de protection des donn\u00e9es, vous disposez du droit d&rsquo;introduire une r\u00e9clamation aupr\u00e8s de la CNIL par courrier( CNIL-3 Place de Fontenoy &#8211; TSA 80715- 75334 PARIS CEDEX 07) ou sur son site internet (www.cnil.fr),ou aupr\u00e8s de l&rsquo;autorit\u00e9 de protection des donn\u00e9es du pays dans lequel vous r\u00e9sidez ou travaillez habituellement .<\/p>\n\n\n\n<p><\/p>\n","protected":false},"excerpt":{"rendered":"<p>Document mis \u00e0 jour le 20 Mars 2022 aquitache(\u00a0\u00bb aquitache\u00a0\u00bb , \u00ab\u00a0notre\u00a0\u00bb,\u00a0\u00bbnous\u00a0\u00bb et \u00ab\u00a0nos\u00a0\u00bb) et nos partenaires respectent votre vie priv\u00e9e. Nous vous demandons de bien vouloir lire attentivement la pr\u00e9sente politique de confidentialit\u00e9 pour comprendre comment sont collect\u00e9es, trait\u00e9es et conserv\u00e9es vos donn\u00e9es personnelles lors de votre utilisation du pr\u00e9sent site internet aquitache, accessible&#8230;<\/p>\n","protected":false},"author":1,"featured_media":0,"parent":0,"menu_order":0,"comment_status":"closed","ping_status":"open","template":"","meta":{"_kadence_starter_templates_imported_post":false,"_kad_post_transparent":"","_kad_post_title":"","_kad_post_layout":"","_kad_post_sidebar_id":"","_kad_post_content_style":"","_kad_post_vertical_padding":"","_kad_post_feature":"","_kad_post_feature_position":"","_kad_post_header":false,"_kad_post_footer":false,"_kad_post_classname":"","footnotes":""},"class_list":["post-3","page","type-page","status-publish","hentry"],"_links":{"self":[{"href":"https:\/\/www.aquitache.com\/index.php\/wp-json\/wp\/v2\/pages\/3","targetHints":{"allow":["GET"]}}],"collection":[{"href":"https:\/\/www.aquitache.com\/index.php\/wp-json\/wp\/v2\/pages"}],"about":[{"href":"https:\/\/www.aquitache.com\/index.php\/wp-json\/wp\/v2\/types\/page"}],"author":[{"embeddable":true,"href":"https:\/\/www.aquitache.com\/index.php\/wp-json\/wp\/v2\/users\/1"}],"replies":[{"embeddable":true,"href":"https:\/\/www.aquitache.com\/index.php\/wp-json\/wp\/v2\/comments?post=3"}],"version-history":[{"count":7,"href":"https:\/\/www.aquitache.com\/index.php\/wp-json\/wp\/v2\/pages\/3\/revisions"}],"predecessor-version":[{"id":1465,"href":"https:\/\/www.aquitache.com\/index.php\/wp-json\/wp\/v2\/pages\/3\/revisions\/1465"}],"wp:attachment":[{"href":"https:\/\/www.aquitache.com\/index.php\/wp-json\/wp\/v2\/media?parent=3"}],"curies":[{"name":"wp","href":"https:\/\/api.w.org\/{rel}","templated":true}]}}